{"id":2,"date":"2024-06-13T16:30:01","date_gmt":"2024-06-13T14:30:01","guid":{"rendered":"http:\/\/carbomin.pl\/?page_id=2"},"modified":"2024-12-08T14:02:11","modified_gmt":"2024-12-08T13:02:11","slug":"carbomin-motoryzacja-i-nieruchomosci","status":"publish","type":"page","link":"https:\/\/carbomin.pl\/","title":{"rendered":"STRONA G\u0141\u00d3WNA"},"content":{"rendered":"\n<div class=\"wp-block-columns is-layout-flex wp-container-core-columns-is-layout-28f84493 wp-block-columns-is-layout-flex\">\n<div class=\"wp-block-column is-layout-flow wp-block-column-is-layout-flow\">\n<div class=\"wp-block-cover alignwide\"><span aria-hidden=\"true\" class=\"wp-block-cover__background has-background-dim\"><\/span><img loading=\"lazy\" decoding=\"async\" width=\"1024\" height=\"683\" class=\"wp-block-cover__image-background wp-image-37\" alt=\"\" src=\"http:\/\/carbomin.pl\/wp-content\/uploads\/2024\/07\/Zdjecie-Motoryzacja-1-1024x683.jpg\" data-object-fit=\"cover\" srcset=\"https:\/\/carbomin.pl\/wp-content\/uploads\/2024\/07\/Zdjecie-Motoryzacja-1-1024x683.jpg 1024w, https:\/\/carbomin.pl\/wp-content\/uploads\/2024\/07\/Zdjecie-Motoryzacja-1-300x200.jpg 300w, https:\/\/carbomin.pl\/wp-content\/uploads\/2024\/07\/Zdjecie-Motoryzacja-1-768x512.jpg 768w, https:\/\/carbomin.pl\/wp-content\/uploads\/2024\/07\/Zdjecie-Motoryzacja-1-1536x1024.jpg 1536w, https:\/\/carbomin.pl\/wp-content\/uploads\/2024\/07\/Zdjecie-Motoryzacja-1-2048x1365.jpg 2048w\" sizes=\"auto, (max-width: 1024px) 100vw, 1024px\" \/><div class=\"wp-block-cover__inner-container is-layout-flow wp-block-cover-is-layout-flow\">\n<p class=\"has-text-align-center has-large-font-size\"><strong>SAMOCHODY U\u017bYWANE<\/strong><\/p>\n\n\n\n<p class=\"has-text-align-center\">Oferujemy starannie wyselekcjonowane pojazdy, kt\u00f3re przesz\u0142y gruntown\u0105 weryfikacj\u0119. Ka\u017cdy samoch\u00f3d w naszej ofercie spe\u0142nia najwy\u017csze standardy, wi\u0119c mo\u017cesz by\u0107 pewien swojego wyboru. Zapoznaj si\u0119 z nasz\u0105 ofert\u0105 i znajd\u017a auto, na kt\u00f3rym mo\u017cesz polega\u0107.<\/p>\n\n\n\n<div class=\"wp-block-buttons is-content-justification-center is-layout-flex wp-container-core-buttons-is-layout-a89b3969 wp-block-buttons-is-layout-flex\">\n<div class=\"wp-block-button\"><a class=\"wp-block-button__link wp-element-button\" href=\"http:\/\/carbomin.pl\/?page_id=68\">PRZEJD\u0179 DO OFERT<\/a><\/div>\n<\/div>\n<\/div><\/div>\n<\/div>\n<\/div>\n\n\n\n<div class=\"wp-block-columns is-layout-flex wp-container-core-columns-is-layout-28f84493 wp-block-columns-is-layout-flex\">\n<div class=\"wp-block-column is-layout-flow wp-block-column-is-layout-flow\"><\/div>\n<\/div>\n","protected":false},"excerpt":{"rendered":"","protected":false},"author":1,"featured_media":195,"parent":0,"menu_order":0,"comment_status":"closed","ping_status":"closed","template":"","meta":{"footnotes":""},"class_list":["post-2","page","type-page","status-publish","has-post-thumbnail","hentry"],"blocksy_meta":[],"yoast_head":"<!-- This site is optimized with the Yoast SEO plugin v24.0 - https:\/\/yoast.com\/wordpress\/plugins\/seo\/ -->\n<title>STRONA G\u0141\u00d3WNA - CARBOMIN.PL | EKSPERT MOTORYZACYJNY<\/title>\n<meta name=\"robots\" content=\"index, follow, max-snippet:-1, max-image-preview:large, max-video-preview:-1\" \/>\n<link rel=\"canonical\" href=\"https:\/\/carbomin.pl\/\" \/>\n<meta property=\"og:locale\" content=\"pl_PL\" \/>\n<meta property=\"og:type\" content=\"article\" \/>\n<meta property=\"og:title\" content=\"STRONA G\u0141\u00d3WNA - CARBOMIN.PL | EKSPERT MOTORYZACYJNY\" \/>\n<meta property=\"og:url\" content=\"https:\/\/carbomin.pl\/\" \/>\n<meta property=\"og:site_name\" content=\"CARBOMIN.PL | EKSPERT MOTORYZACYJNY\" \/>\n<meta property=\"article:modified_time\" content=\"2024-12-08T13:02:11+00:00\" \/>\n<meta property=\"og:image\" content=\"https:\/\/carbomin.pl\/wp-content\/uploads\/2024\/09\/Oryginalny.png\" \/>\n\t<meta property=\"og:image:width\" content=\"4096\" \/>\n\t<meta property=\"og:image:height\" content=\"1207\" \/>\n\t<meta property=\"og:image:type\" content=\"image\/png\" \/>\n<meta name=\"twitter:card\" content=\"summary_large_image\" \/>\n<meta name=\"twitter:label1\" content=\"Szacowany czas czytania\" \/>\n\t<meta name=\"twitter:data1\" content=\"1 minuta\" \/>\n<script type=\"application\/ld+json\" class=\"yoast-schema-graph\">{\"@context\":\"https:\/\/schema.org\",\"@graph\":[{\"@type\":\"WebPage\",\"@id\":\"https:\/\/carbomin.pl\/\",\"url\":\"https:\/\/carbomin.pl\/\",\"name\":\"STRONA G\u0141\u00d3WNA - CARBOMIN.PL | EKSPERT MOTORYZACYJNY\",\"isPartOf\":{\"@id\":\"https:\/\/carbomin.pl\/#website\"},\"primaryImageOfPage\":{\"@id\":\"https:\/\/carbomin.pl\/#primaryimage\"},\"image\":{\"@id\":\"https:\/\/carbomin.pl\/#primaryimage\"},\"thumbnailUrl\":\"https:\/\/carbomin.pl\/wp-content\/uploads\/2024\/09\/Oryginalny.png\",\"datePublished\":\"2024-06-13T14:30:01+00:00\",\"dateModified\":\"2024-12-08T13:02:11+00:00\",\"breadcrumb\":{\"@id\":\"https:\/\/carbomin.pl\/#breadcrumb\"},\"inLanguage\":\"pl-PL\",\"potentialAction\":[{\"@type\":\"ReadAction\",\"target\":[\"https:\/\/carbomin.pl\/\"]}]},{\"@type\":\"ImageObject\",\"inLanguage\":\"pl-PL\",\"@id\":\"https:\/\/carbomin.pl\/#primaryimage\",\"url\":\"https:\/\/carbomin.pl\/wp-content\/uploads\/2024\/09\/Oryginalny.png\",\"contentUrl\":\"https:\/\/carbomin.pl\/wp-content\/uploads\/2024\/09\/Oryginalny.png\",\"width\":4096,\"height\":1207},{\"@type\":\"BreadcrumbList\",\"@id\":\"https:\/\/carbomin.pl\/#breadcrumb\",\"itemListElement\":[{\"@type\":\"ListItem\",\"position\":1,\"name\":\"Home\",\"item\":\"https:\/\/carbomin.pl\/\"},{\"@type\":\"ListItem\",\"position\":2,\"name\":\"STRONA G\u0141\u00d3WNA\"}]},{\"@type\":\"WebSite\",\"@id\":\"https:\/\/carbomin.pl\/#website\",\"url\":\"https:\/\/carbomin.pl\/\",\"name\":\"CARBOMIN.PL | EKSPERT MOTORYZACYJNY\",\"description\":\"BEZPIECZNA MOTORYZACJA\",\"publisher\":{\"@id\":\"https:\/\/carbomin.pl\/#organization\"},\"potentialAction\":[{\"@type\":\"SearchAction\",\"target\":{\"@type\":\"EntryPoint\",\"urlTemplate\":\"https:\/\/carbomin.pl\/?s={search_term_string}\"},\"query-input\":{\"@type\":\"PropertyValueSpecification\",\"valueRequired\":true,\"valueName\":\"search_term_string\"}}],\"inLanguage\":\"pl-PL\"},{\"@type\":\"Organization\",\"@id\":\"https:\/\/carbomin.pl\/#organization\",\"name\":\"CARBOMIN.PL | EKSPERT MOTORYZACYJNY\",\"url\":\"https:\/\/carbomin.pl\/\",\"logo\":{\"@type\":\"ImageObject\",\"inLanguage\":\"pl-PL\",\"@id\":\"https:\/\/carbomin.pl\/#\/schema\/logo\/image\/\",\"url\":\"https:\/\/carbomin.pl\/wp-content\/uploads\/2024\/09\/Oryginalny.png\",\"contentUrl\":\"https:\/\/carbomin.pl\/wp-content\/uploads\/2024\/09\/Oryginalny.png\",\"width\":4096,\"height\":1207,\"caption\":\"CARBOMIN.PL | EKSPERT MOTORYZACYJNY\"},\"image\":{\"@id\":\"https:\/\/carbomin.pl\/#\/schema\/logo\/image\/\"}}]}<\/script>\n<!-- \/ Yoast SEO plugin. -->","yoast_head_json":{"title":"STRONA G\u0141\u00d3WNA - CARBOMIN.PL | EKSPERT MOTORYZACYJNY","robots":{"index":"index","follow":"follow","max-snippet":"max-snippet:-1","max-image-preview":"max-image-preview:large","max-video-preview":"max-video-preview:-1"},"canonical":"https:\/\/carbomin.pl\/","og_locale":"pl_PL","og_type":"article","og_title":"STRONA G\u0141\u00d3WNA - CARBOMIN.PL | EKSPERT MOTORYZACYJNY","og_url":"https:\/\/carbomin.pl\/","og_site_name":"CARBOMIN.PL | EKSPERT MOTORYZACYJNY","article_modified_time":"2024-12-08T13:02:11+00:00","og_image":[{"width":4096,"height":1207,"url":"https:\/\/carbomin.pl\/wp-content\/uploads\/2024\/09\/Oryginalny.png","type":"image\/png"}],"twitter_card":"summary_large_image","twitter_misc":{"Szacowany czas czytania":"1 minuta"},"schema":{"@context":"https:\/\/schema.org","@graph":[{"@type":"WebPage","@id":"https:\/\/carbomin.pl\/","url":"https:\/\/carbomin.pl\/","name":"STRONA G\u0141\u00d3WNA - CARBOMIN.PL | EKSPERT MOTORYZACYJNY","isPartOf":{"@id":"https:\/\/carbomin.pl\/#website"},"primaryImageOfPage":{"@id":"https:\/\/carbomin.pl\/#primaryimage"},"image":{"@id":"https:\/\/carbomin.pl\/#primaryimage"},"thumbnailUrl":"https:\/\/carbomin.pl\/wp-content\/uploads\/2024\/09\/Oryginalny.png","datePublished":"2024-06-13T14:30:01+00:00","dateModified":"2024-12-08T13:02:11+00:00","breadcrumb":{"@id":"https:\/\/carbomin.pl\/#breadcrumb"},"inLanguage":"pl-PL","potentialAction":[{"@type":"ReadAction","target":["https:\/\/carbomin.pl\/"]}]},{"@type":"ImageObject","inLanguage":"pl-PL","@id":"https:\/\/carbomin.pl\/#primaryimage","url":"https:\/\/carbomin.pl\/wp-content\/uploads\/2024\/09\/Oryginalny.png","contentUrl":"https:\/\/carbomin.pl\/wp-content\/uploads\/2024\/09\/Oryginalny.png","width":4096,"height":1207},{"@type":"BreadcrumbList","@id":"https:\/\/carbomin.pl\/#breadcrumb","itemListElement":[{"@type":"ListItem","position":1,"name":"Home","item":"https:\/\/carbomin.pl\/"},{"@type":"ListItem","position":2,"name":"STRONA G\u0141\u00d3WNA"}]},{"@type":"WebSite","@id":"https:\/\/carbomin.pl\/#website","url":"https:\/\/carbomin.pl\/","name":"CARBOMIN.PL | EKSPERT MOTORYZACYJNY","description":"BEZPIECZNA MOTORYZACJA","publisher":{"@id":"https:\/\/carbomin.pl\/#organization"},"potentialAction":[{"@type":"SearchAction","target":{"@type":"EntryPoint","urlTemplate":"https:\/\/carbomin.pl\/?s={search_term_string}"},"query-input":{"@type":"PropertyValueSpecification","valueRequired":true,"valueName":"search_term_string"}}],"inLanguage":"pl-PL"},{"@type":"Organization","@id":"https:\/\/carbomin.pl\/#organization","name":"CARBOMIN.PL | EKSPERT MOTORYZACYJNY","url":"https:\/\/carbomin.pl\/","logo":{"@type":"ImageObject","inLanguage":"pl-PL","@id":"https:\/\/carbomin.pl\/#\/schema\/logo\/image\/","url":"https:\/\/carbomin.pl\/wp-content\/uploads\/2024\/09\/Oryginalny.png","contentUrl":"https:\/\/carbomin.pl\/wp-content\/uploads\/2024\/09\/Oryginalny.png","width":4096,"height":1207,"caption":"CARBOMIN.PL | EKSPERT MOTORYZACYJNY"},"image":{"@id":"https:\/\/carbomin.pl\/#\/schema\/logo\/image\/"}}]}},"_links":{"self":[{"href":"https:\/\/carbomin.pl\/index.php?rest_route=\/wp\/v2\/pages\/2","targetHints":{"allow":["GET"]}}],"collection":[{"href":"https:\/\/carbomin.pl\/index.php?rest_route=\/wp\/v2\/pages"}],"about":[{"href":"https:\/\/carbomin.pl\/index.php?rest_route=\/wp\/v2\/types\/page"}],"author":[{"embeddable":true,"href":"https:\/\/carbomin.pl\/index.php?rest_route=\/wp\/v2\/users\/1"}],"replies":[{"embeddable":true,"href":"https:\/\/carbomin.pl\/index.php?rest_route=%2Fwp%2Fv2%2Fcomments&post=2"}],"version-history":[{"count":28,"href":"https:\/\/carbomin.pl\/index.php?rest_route=\/wp\/v2\/pages\/2\/revisions"}],"predecessor-version":[{"id":227,"href":"https:\/\/carbomin.pl\/index.php?rest_route=\/wp\/v2\/pages\/2\/revisions\/227"}],"wp:featuredmedia":[{"embeddable":true,"href":"https:\/\/carbomin.pl\/index.php?rest_route=\/wp\/v2\/media\/195"}],"wp:attachment":[{"href":"https:\/\/carbomin.pl\/index.php?rest_route=%2Fwp%2Fv2%2Fmedia&parent=2"}],"curies":[{"name":"wp","href":"https:\/\/api.w.org\/{rel}","templated":true}]}}